{"id":22,"date":"2022-11-02T13:19:44","date_gmt":"2022-11-02T13:19:44","guid":{"rendered":"http:\/\/localhost:8888\/tiendamaruja-blog\/web\/?page_id=22"},"modified":"2026-04-20T13:22:52","modified_gmt":"2026-04-20T11:22:52","slug":"home","status":"publish","type":"page","link":"https:\/\/www.tiendamaruja.com\/blog\/","title":{"rendered":"Home"},"content":{"rendered":"\n<div class=\"wp-block-columns alignfull home-top has-background is-layout-flex wp-container-core-columns-is-layout-9d6595d7 wp-block-columns-is-layout-flex\" style=\"background-color:#f4f4f4\">\n<div class=\"wp-block-column is-layout-flow wp-block-column-is-layout-flow\" style=\"flex-basis:27%\"><\/div>\n\n\n\n<div class=\"wp-block-column is-layout-flow wp-block-column-is-layout-flow\" style=\"flex-basis:40%\">\n<div style=\"height:40px\" aria-hidden=\"true\" class=\"wp-block-spacer\"><\/div>\n\n\n\n<figure class=\"wp-block-image size-full is-style-default\"><a href=\"https:\/\/www.tiendamaruja.com\/blog\/tipos-de-cuchillos-jamoneros\/\"><img decoding=\"async\" width=\"934\" height=\"622\" src=\"https:\/\/www.tiendamaruja.com\/blog\/wp-content\/uploads\/2026\/04\/tipos-de-cuchillos-jamoneros.jpg\" alt=\"tipos de cuchillos jamoneros\" class=\"wp-image-898\" srcset=\"https:\/\/www.tiendamaruja.com\/blog\/wp-content\/uploads\/2026\/04\/tipos-de-cuchillos-jamoneros.jpg 934w, https:\/\/www.tiendamaruja.com\/blog\/wp-content\/uploads\/2026\/04\/tipos-de-cuchillos-jamoneros-450x300.jpg 450w, https:\/\/www.tiendamaruja.com\/blog\/wp-content\/uploads\/2026\/04\/tipos-de-cuchillos-jamoneros-768x511.jpg 768w\" sizes=\"(max-width: 934px) 100vw, 934px\" \/><\/a><\/figure>\n\n\n\n<div style=\"height:40px\" aria-hidden=\"true\" class=\"wp-block-spacer\"><\/div>\n<\/div>\n\n\n\n<div class=\"wp-block-column is-layout-flow wp-block-column-is-layout-flow\" style=\"flex-basis:20%\">\n<div style=\"height:40px\" aria-hidden=\"true\" class=\"wp-block-spacer\"><\/div>\n\n\n\n<div style=\"height:20px\" aria-hidden=\"true\" class=\"wp-block-spacer\"><\/div>\n\n\n\n<h2 class=\"wp-block-heading has-text-align-left\">Noticia destacada<\/h2>\n\n\n\n<div style=\"height:24px\" aria-hidden=\"true\" class=\"wp-block-spacer\"><\/div>\n\n\n<ul class=\"wp-block-latest-posts__list has-dates aligncenter wp-block-latest-posts\"><li><a class=\"wp-block-latest-posts__post-title\" href=\"https:\/\/www.tiendamaruja.com\/blog\/tipos-de-cuchillos-jamoneros\/\">Tipos de cuchillos jamoneros: La gu\u00eda definitiva para un corte perfecto<\/a><time datetime=\"2026-04-20T10:06:50+02:00\" class=\"wp-block-latest-posts__post-date\">20 de abril de 2026<\/time><div class=\"wp-block-latest-posts__post-excerpt\">Si alguna vez has intentado lonchear una pieza entera utilizando un cuchillo de cocina est\u00e1ndar, sabr\u00e1s que el resultado suele ser frustrante y muy poco est\u00e9tico&#8230;<\/div><\/li>\n<\/ul>\n\n\n<div style=\"height:40px\" aria-hidden=\"true\" class=\"wp-block-spacer\"><\/div>\n<\/div>\n\n\n\n<div class=\"wp-block-column is-layout-flow wp-block-column-is-layout-flow\" style=\"flex-basis:27%\"><\/div>\n<\/div>\n\n\n\n<div style=\"height:80px\" aria-hidden=\"true\" class=\"wp-block-spacer\"><\/div>\n\n\n\n<div class=\"wp-block-group\"><div class=\"wp-block-group__inner-container is-layout-flow wp-block-group-is-layout-flow\">\n<h5 class=\"wp-block-heading has-text-align-center pretitle\">NOTICIAS<\/h5>\n\n\n\n<h2 class=\"wp-block-heading has-text-align-center\">Consejos, cuidados, curiosidades sobre el jam\u00f3n<br>y el jam\u00f3n de Trev\u00e9lez<\/h2>\n<\/div><\/div>\n\n\n\n<div style=\"height:40px\" aria-hidden=\"true\" class=\"wp-block-spacer\"><\/div>\n\n\n\n<div class=\"wp-block-columns is-layout-flex wp-container-core-columns-is-layout-9d6595d7 wp-block-columns-is-layout-flex\">\n<div class=\"wp-block-column is-layout-flow wp-block-column-is-layout-flow\" style=\"flex-basis:27%\"><\/div>\n\n\n\n<div class=\"wp-block-column is-layout-flow wp-block-column-is-layout-flow\" style=\"flex-basis:60%\">\n<div class=\"wp-block-query is-layout-flow wp-block-query-is-layout-flow\"><ul class=\"wp-block-post-template is-layout-flow wp-block-post-template-is-layout-flow\"><li class=\"wp-block-post post-889 post type-post status-publish format-standard has-post-thumbnail hentry category-jamon\">\n\n<div class=\"wp-block-columns alignwide is-layout-flex wp-container-core-columns-is-layout-9d6595d7 wp-block-columns-is-layout-flex\">\n<div class=\"wp-block-column is-layout-flow wp-block-column-is-layout-flow\" style=\"flex-basis:35%\"><figure class=\"wp-block-post-featured-image\"><a href=\"https:\/\/www.tiendamaruja.com\/blog\/tipos-de-cuchillos-jamoneros\/\" target=\"_self\"  ><img decoding=\"async\" width=\"934\" height=\"622\" src=\"https:\/\/www.tiendamaruja.com\/blog\/wp-content\/uploads\/2026\/04\/tipos-de-cuchillos-jamoneros.jpg\" class=\"attachment-post-thumbnail size-post-thumbnail wp-post-image\" alt=\"Tipos de cuchillos jamoneros: La gu\u00eda definitiva para un corte perfecto\" style=\"object-fit:cover;\" srcset=\"https:\/\/www.tiendamaruja.com\/blog\/wp-content\/uploads\/2026\/04\/tipos-de-cuchillos-jamoneros.jpg 934w, https:\/\/www.tiendamaruja.com\/blog\/wp-content\/uploads\/2026\/04\/tipos-de-cuchillos-jamoneros-450x300.jpg 450w, https:\/\/www.tiendamaruja.com\/blog\/wp-content\/uploads\/2026\/04\/tipos-de-cuchillos-jamoneros-768x511.jpg 768w\" sizes=\"(max-width: 934px) 100vw, 934px\" \/><\/a><\/figure><\/div>\n\n\n\n<div class=\"wp-block-column is-layout-flow wp-block-column-is-layout-flow\" style=\"flex-basis:65%\"><h2 class=\"wp-block-post-title\"><a href=\"https:\/\/www.tiendamaruja.com\/blog\/tipos-de-cuchillos-jamoneros\/\" target=\"_self\" >Tipos de cuchillos jamoneros: La gu\u00eda definitiva para un corte perfecto<\/a><\/h2>\n\n<div class=\"wp-block-post-excerpt\"><p class=\"wp-block-post-excerpt__excerpt\">Si alguna vez has intentado lonchear una pieza entera utilizando un cuchillo de cocina est\u00e1ndar, sabr\u00e1s que el resultado suele ser frustrante y muy poco est\u00e9tico&#8230;<\/p><p class=\"wp-block-post-excerpt__more-text\"><a class=\"wp-block-post-excerpt__more-link\" href=\"https:\/\/www.tiendamaruja.com\/blog\/tipos-de-cuchillos-jamoneros\/\">M\u00e1s informaci\u00f3n<\/a><\/p><\/div><\/div>\n<\/div>\n\n<\/li><li class=\"wp-block-post post-878 post type-post status-publish format-standard has-post-thumbnail hentry category-jamon category-embutidos\">\n\n<div class=\"wp-block-columns alignwide is-layout-flex wp-container-core-columns-is-layout-9d6595d7 wp-block-columns-is-layout-flex\">\n<div class=\"wp-block-column is-layout-flow wp-block-column-is-layout-flow\" style=\"flex-basis:35%\"><figure class=\"wp-block-post-featured-image\"><a href=\"https:\/\/www.tiendamaruja.com\/blog\/importancia-de-jamones-sin-nitritos-ni-conservantes\/\" target=\"_self\"  ><img decoding=\"async\" width=\"938\" height=\"622\" src=\"https:\/\/www.tiendamaruja.com\/blog\/wp-content\/uploads\/2026\/03\/jamones-y-embutidos-sin-nitritos-ni-conservantes.jpg\" class=\"attachment-post-thumbnail size-post-thumbnail wp-post-image\" alt=\"\u00bfPor qu\u00e9 elegir jamones y embutidos sin nitritos ni conservantes artificiales?\" style=\"object-fit:cover;\" srcset=\"https:\/\/www.tiendamaruja.com\/blog\/wp-content\/uploads\/2026\/03\/jamones-y-embutidos-sin-nitritos-ni-conservantes.jpg 938w, https:\/\/www.tiendamaruja.com\/blog\/wp-content\/uploads\/2026\/03\/jamones-y-embutidos-sin-nitritos-ni-conservantes-452x300.jpg 452w, https:\/\/www.tiendamaruja.com\/blog\/wp-content\/uploads\/2026\/03\/jamones-y-embutidos-sin-nitritos-ni-conservantes-768x509.jpg 768w\" sizes=\"(max-width: 938px) 100vw, 938px\" \/><\/a><\/figure><\/div>\n\n\n\n<div class=\"wp-block-column is-layout-flow wp-block-column-is-layout-flow\" style=\"flex-basis:65%\"><h2 class=\"wp-block-post-title\"><a href=\"https:\/\/www.tiendamaruja.com\/blog\/importancia-de-jamones-sin-nitritos-ni-conservantes\/\" target=\"_self\" >\u00bfPor qu\u00e9 elegir jamones y embutidos sin nitritos ni conservantes artificiales?<\/a><\/h2>\n\n<div class=\"wp-block-post-excerpt\"><p class=\"wp-block-post-excerpt__excerpt\">Cuando nos sentamos a disfrutar de un buen aperitivo en familia o con amigos, rara vez nos detenemos a pensar en la cantidad de procesos industriales por los que ha pasado la comida antes de llegar a nuestro plato&#8230;<\/p><p class=\"wp-block-post-excerpt__more-text\"><a class=\"wp-block-post-excerpt__more-link\" href=\"https:\/\/www.tiendamaruja.com\/blog\/importancia-de-jamones-sin-nitritos-ni-conservantes\/\">M\u00e1s informaci\u00f3n<\/a><\/p><\/div><\/div>\n<\/div>\n\n<\/li><li class=\"wp-block-post post-835 post type-post status-publish format-standard has-post-thumbnail hentry category-jamon\">\n\n<div class=\"wp-block-columns alignwide is-layout-flex wp-container-core-columns-is-layout-9d6595d7 wp-block-columns-is-layout-flex\">\n<div class=\"wp-block-column is-layout-flow wp-block-column-is-layout-flow\" style=\"flex-basis:35%\"><figure class=\"wp-block-post-featured-image\"><a href=\"https:\/\/www.tiendamaruja.com\/blog\/jamon-trevelez-clima-altitud-tradicion\/\" target=\"_self\"  ><img decoding=\"async\" width=\"934\" height=\"622\" src=\"https:\/\/www.tiendamaruja.com\/blog\/wp-content\/uploads\/2025\/12\/altitud-jamon-de-trevelez.jpg\" class=\"attachment-post-thumbnail size-post-thumbnail wp-post-image\" alt=\"El jam\u00f3n de Trev\u00e9lez y su entorno natural: clima, altitud y tradici\u00f3n\" style=\"object-fit:cover;\" srcset=\"https:\/\/www.tiendamaruja.com\/blog\/wp-content\/uploads\/2025\/12\/altitud-jamon-de-trevelez.jpg 934w, https:\/\/www.tiendamaruja.com\/blog\/wp-content\/uploads\/2025\/12\/altitud-jamon-de-trevelez-450x300.jpg 450w, https:\/\/www.tiendamaruja.com\/blog\/wp-content\/uploads\/2025\/12\/altitud-jamon-de-trevelez-768x511.jpg 768w\" sizes=\"(max-width: 934px) 100vw, 934px\" \/><\/a><\/figure><\/div>\n\n\n\n<div class=\"wp-block-column is-layout-flow wp-block-column-is-layout-flow\" style=\"flex-basis:65%\"><h2 class=\"wp-block-post-title\"><a href=\"https:\/\/www.tiendamaruja.com\/blog\/jamon-trevelez-clima-altitud-tradicion\/\" target=\"_self\" >El jam\u00f3n de Trev\u00e9lez y su entorno natural: clima, altitud y tradici\u00f3n<\/a><\/h2>\n\n<div class=\"wp-block-post-excerpt\"><p class=\"wp-block-post-excerpt__excerpt\">Los jamones de Trev\u00e9lez est\u00e1n profundamente ligados a su lugar de origen, y para entender su sabor, su aroma y su textura es imprescindible conocer el entorno en el que se elabora. No se trata solo de una t\u00e9cnica de curaci\u00f3n, sino de una combinaci\u00f3n \u00fanica de clima, altitud y tradici\u00f3n, que durante siglos ha\u2026<\/p><p class=\"wp-block-post-excerpt__more-text\"><a class=\"wp-block-post-excerpt__more-link\" href=\"https:\/\/www.tiendamaruja.com\/blog\/jamon-trevelez-clima-altitud-tradicion\/\">M\u00e1s informaci\u00f3n<\/a><\/p><\/div><\/div>\n<\/div>\n\n<\/li><\/ul><\/div>\n<\/div>\n\n\n\n<div class=\"wp-block-column is-layout-flow wp-block-column-is-layout-flow\" style=\"flex-basis:27%\"><\/div>\n<\/div>\n\n\n\n<div class=\"wp-block-buttons is-content-justification-center is-layout-flex wp-container-core-buttons-is-layout-16018d1d wp-block-buttons-is-layout-flex\">\n<div class=\"wp-block-button\"><a class=\"wp-block-button__link wp-element-button\" href=\"https:\/\/www.tiendamaruja.com\/blog\/noticias\/\">Ver todas las noticias<\/a><\/div>\n<\/div>\n\n\n\n<div style=\"height:120px\" aria-hidden=\"true\" class=\"wp-block-spacer\"><\/div>\n\n\n\n<div class=\"wp-block-group\"><div class=\"wp-block-group__inner-container is-layout-flow wp-block-group-is-layout-flow\">\n<h5 class=\"wp-block-heading has-text-align-center pretitle\">TODO SOBRE EL JAM\u00d3N<\/h5>\n\n\n\n<h2 class=\"wp-block-heading has-text-align-center\">Informaci\u00f3n y temas sobre el jam\u00f3n<\/h2>\n<\/div><\/div>\n\n\n\n<div style=\"height:24px\" aria-hidden=\"true\" class=\"wp-block-spacer\"><\/div>\n\n\n<ul class=\"wp-block-categories-list aligncenter category-inline wp-block-categories\">\t<li class=\"cat-item cat-item-8\"><a href=\"https:\/\/www.tiendamaruja.com\/blog\/destacados\/\">Destacados<\/a> (4)\n<\/li>\n\t<li class=\"cat-item cat-item-7\"><a href=\"https:\/\/www.tiendamaruja.com\/blog\/embutidos\/\">Embutidos<\/a> (2)\n<\/li>\n\t<li class=\"cat-item cat-item-6\"><a href=\"https:\/\/www.tiendamaruja.com\/blog\/jamon\/\">Jam\u00f3n<\/a> (28)\n<\/li>\n\t<li class=\"cat-item cat-item-5\"><a href=\"https:\/\/www.tiendamaruja.com\/blog\/promociones\/\">Promociones<\/a> (1)\n<\/li>\n<\/ul>\n\n\n<div style=\"height:80px\" aria-hidden=\"true\" class=\"wp-block-spacer\"><\/div>\n\n\n\n<div class=\"wp-block-group alignfull home-content-fullwidth has-background\" style=\"background-color:#f4f4f4;padding-top:0px;padding-right:0px;padding-bottom:0px;padding-left:0px\"><div class=\"wp-block-group__inner-container is-layout-flow wp-block-group-is-layout-flow\">\n<div class=\"wp-block-columns alignwide is-layout-flex wp-container-core-columns-is-layout-9d6595d7 wp-block-columns-is-layout-flex\">\n<div class=\"wp-block-column is-vertically-aligned-center is-layout-flow wp-block-column-is-layout-flow\" style=\"padding-right:30px;padding-left:0px;flex-basis:60%\">\n<div class=\"wp-block-columns are-vertically-aligned-center is-layout-flex wp-container-core-columns-is-layout-9d6595d7 wp-block-columns-is-layout-flex\">\n<div class=\"wp-block-column is-vertically-aligned-center is-layout-flow wp-block-column-is-layout-flow\">\n<div class=\"wp-block-group\" style=\"margin-top:0px;margin-bottom:35px;padding-top:0px;padding-right:0px;padding-bottom:0px;padding-left:0px\"><div class=\"wp-block-group__inner-container is-layout-flow wp-block-group-is-layout-flow\">\n<div style=\"height:80px\" aria-hidden=\"true\" class=\"wp-block-spacer\"><\/div>\n\n\n\n<h6 class=\"wp-block-heading pretitle has-text-color\" style=\"color:#e32845;margin-top:0px;margin-right:0px;margin-bottom:0px;margin-left:0px;padding-top:0px;padding-right:0px;padding-bottom:0px;padding-left:0px;text-transform:uppercase\">producci\u00f3n, artesan\u00eda y calidad<\/h6>\n\n\n\n<h2 class=\"wp-block-heading\" style=\"margin-top:15px;margin-right:0px;margin-bottom:20px;margin-left:0px;padding-top:0px;padding-right:0px;padding-bottom:0px;padding-left:0px\">Jamones artesanos y productos de calidad<\/h2>\n\n\n\n<p style=\"margin-top:0px;margin-right:0px;margin-bottom:0px;margin-left:0px;padding-top:0px;padding-right:0px;padding-bottom:0px;padding-left:0px;font-size:16px\">Tienda Maruja es especialista en Jam\u00f3n de Trev\u00e9lez. Nuestros jamones 100% naturales y curados de forma natural, resultan exquisitos para los paladares m\u00e1s exigentes. Calidad y tradici\u00f3n naturalmente artesanal.<\/p>\n<\/div><\/div>\n\n\n\n<div class=\"wp-block-group is-vertical is-content-justification-left is-layout-flex wp-container-core-group-is-layout-77fa7207 wp-block-group-is-layout-flex\" style=\"margin-top:0px;margin-bottom:0px;padding-top:0px;padding-right:0px;padding-bottom:0px;padding-left:0px\">\n<div class=\"wp-block-columns alignfull is-layout-flex wp-container-core-columns-is-layout-48545a86 wp-block-columns-is-layout-flex\" style=\"margin-top:0px;margin-bottom:0px;padding-top:0px;padding-right:0px;padding-bottom:0px;padding-left:0px\">\n<div class=\"wp-block-column is-layout-flow wp-block-column-is-layout-flow\" style=\"padding-top:0px;padding-right:0px;padding-bottom:0px;padding-left:0px\"><div class=\"wp-block-image\">\n<figure class=\"alignleft size-full\"><img decoding=\"async\" width=\"40\" height=\"40\" src=\"https:\/\/www.tiendamaruja.com\/blog\/wp-content\/uploads\/2023\/01\/ico-naturales.png\" alt=\"ico jamones\" class=\"wp-image-218\"\/><\/figure>\n<\/div>\n\n\n<h6 class=\"wp-block-heading\" style=\"margin-top:0px;margin-right:0px;margin-bottom:0px;margin-left:0px;padding-top:0px;padding-right:0px;padding-bottom:0px;padding-left:0px;text-transform:capitalize\"><strong>Jamones 100% naturales<\/strong><\/h6>\n\n\n\n<p style=\"margin-top:0px;margin-right:0px;margin-bottom:0px;margin-left:0px;padding-top:0px;padding-right:0px;padding-bottom:0px;padding-left:0px;font-size:16px\">Jamones curados de forma natural y artesana por tradici\u00f3n<\/p>\n<\/div>\n<\/div>\n\n\n\n<div style=\"height:0px\" aria-hidden=\"true\" class=\"wp-block-spacer wp-container-content-c00f5982\"><\/div>\n\n\n\n<div class=\"wp-block-columns alignfull is-layout-flex wp-container-core-columns-is-layout-48545a86 wp-block-columns-is-layout-flex\" style=\"margin-top:0px;margin-bottom:0px;padding-top:0px;padding-right:0px;padding-bottom:0px;padding-left:0px\">\n<div class=\"wp-block-column is-vertically-aligned-center is-layout-flow wp-block-column-is-layout-flow\" style=\"padding-top:0px;padding-right:0px;padding-bottom:0px;padding-left:0px\"><div class=\"wp-block-image\">\n<figure class=\"alignleft size-full is-resized\"><img decoding=\"async\" width=\"65\" height=\"64\" src=\"https:\/\/www.tiendamaruja.com\/blog\/wp-content\/uploads\/2022\/11\/mdi_pig-variant-outline.png\" alt=\"Ico ahorro\" class=\"wp-image-50\" style=\"width:40px;height:40px\"\/><\/figure>\n<\/div>\n\n\n<h6 class=\"wp-block-heading\" style=\"margin-top:0px;margin-right:0px;margin-bottom:0px;margin-left:0px;padding-top:0px;padding-right:0px;padding-bottom:0px;padding-left:0px;text-transform:capitalize\"><strong>Producci\u00f3n y fabricaci\u00f3n propia, desde 1960<\/strong><\/h6>\n\n\n\n<p style=\"margin-top:0px;margin-right:0px;margin-bottom:0px;margin-left:0px;padding-top:0px;padding-right:0px;padding-bottom:0px;padding-left:0px;font-size:16px\">Dedicados a la producci\u00f3n de Jam\u00f3n en pleno coraz\u00f3n de la comarca de la Alpujarra, en el pueblo de Trev\u00e9lez provincia de Granada.<\/p>\n<\/div>\n<\/div>\n\n\n\n<div style=\"height:0px\" aria-hidden=\"true\" class=\"wp-block-spacer wp-container-content-c00f5982\"><\/div>\n\n\n\n<div class=\"wp-block-columns alignfull is-layout-flex wp-container-core-columns-is-layout-48545a86 wp-block-columns-is-layout-flex\" style=\"margin-top:0px;margin-bottom:0px;padding-top:0px;padding-right:0px;padding-bottom:0px;padding-left:0px\">\n<div class=\"wp-block-column is-vertically-aligned-center is-layout-flow wp-block-column-is-layout-flow\" style=\"padding-top:0px;padding-right:0px;padding-bottom:0px;padding-left:0px\"><div class=\"wp-block-image\">\n<figure class=\"alignleft size-full is-resized\"><img decoding=\"async\" width=\"40\" height=\"40\" src=\"https:\/\/www.tiendamaruja.com\/blog\/wp-content\/uploads\/2023\/01\/ico-calidad.png\" alt=\"ico sello cert\" class=\"wp-image-219\" style=\"width:40px;height:40px\"\/><\/figure>\n<\/div>\n\n\n<h6 class=\"wp-block-heading\" style=\"margin-top:0px;margin-right:0px;margin-bottom:0px;margin-left:0px;padding-top:0px;padding-right:0px;padding-bottom:0px;padding-left:0px;text-transform:capitalize\"><strong>Calidad, seguridad alimentaria y medio ambiente<\/strong><\/h6>\n\n\n\n<p style=\"margin-top:0px;margin-right:0px;margin-bottom:0px;margin-left:0px;padding-top:0px;padding-right:0px;padding-bottom:0px;padding-left:0px;font-size:16px\">\u00danica empresa en Trev\u00e9lez certificada seg\u00fan normas internacionales<\/p>\n<\/div>\n<\/div>\n<\/div>\n<\/div>\n<\/div>\n\n\n\n<div style=\"height:52px\" aria-hidden=\"true\" class=\"wp-block-spacer\"><\/div>\n<\/div>\n\n\n\n<div class=\"wp-block-column is-vertically-aligned-center is-layout-flow wp-block-column-is-layout-flow\" style=\"flex-basis:40%\">\n<div style=\"height:80px\" aria-hidden=\"true\" class=\"wp-block-spacer\"><\/div>\n\n\n\n<figure class=\"wp-block-image size-full\"><img decoding=\"async\" width=\"1000\" height=\"667\" src=\"https:\/\/www.tiendamaruja.com\/blog\/wp-content\/uploads\/2022\/11\/bn3_antonio_alvarez_jamones.jpg\" alt=\"imagen antonio alvarez jamones\" class=\"wp-image-86\" srcset=\"https:\/\/www.tiendamaruja.com\/blog\/wp-content\/uploads\/2022\/11\/bn3_antonio_alvarez_jamones.jpg 1000w, https:\/\/www.tiendamaruja.com\/blog\/wp-content\/uploads\/2022\/11\/bn3_antonio_alvarez_jamones-450x300.jpg 450w, https:\/\/www.tiendamaruja.com\/blog\/wp-content\/uploads\/2022\/11\/bn3_antonio_alvarez_jamones-768x512.jpg 768w\" sizes=\"(max-width: 1000px) 100vw, 1000px\" \/><\/figure>\n\n\n\n<div style=\"height:16px\" aria-hidden=\"true\" class=\"wp-block-spacer\"><\/div>\n\n\n\n<figure class=\"wp-block-image size-full\"><img decoding=\"async\" src=\"https:\/\/www.tiendamaruja.com\/blog\/wp-content\/uploads\/2022\/11\/trevelez_jamones_3.jpg\" alt=\"imagen tienda\" class=\"wp-image-56\"\/><\/figure>\n\n\n\n<div style=\"height:80px\" aria-hidden=\"true\" class=\"wp-block-spacer\"><\/div>\n<\/div>\n<\/div>\n<\/div><\/div>\n\n\n\n<div style=\"height:80px\" aria-hidden=\"true\" class=\"wp-block-spacer\"><\/div>\n\n\n\n<div class=\"wp-block-group is-vertical is-content-justification-center is-layout-flex wp-container-core-group-is-layout-4b2eccd6 wp-block-group-is-layout-flex\">\n<h5 class=\"wp-block-heading has-text-align-center pretitle\">CERTIFICADOS Y SELLOS DE CALIDAD<\/h5>\n\n\n\n<h2 class=\"wp-block-heading has-text-align-center\">Garant\u00eda, calidad, seguridad<\/h2>\n<\/div>\n\n\n\n<div class=\"wp-block-group alignfull\"><div class=\"wp-block-group__inner-container is-layout-flow wp-block-group-is-layout-flow\">\n<p class=\"has-text-align-center\"><strong>\u00danica empresa en Trev\u00e9lez<\/strong> que cuenta con sistemas implantados y certificados de Gesti\u00f3n de la Calidad,<br>Seguridad alimentaria y Medio Ambiente, conforme a normas internacionales.<\/p>\n\n\n\n<figure class=\"wp-block-gallery has-nested-images columns-7 wp-block-gallery-1 is-layout-flex wp-block-gallery-is-layout-flex\">\n<figure class=\"wp-block-image size-large\"><img decoding=\"async\" width=\"453\" height=\"380\" data-id=\"71\" src=\"http:\/\/localhost:8888\/tiendamaruja-blog\/web\/wp-content\/uploads\/2022\/11\/aenor-tienda-maruja.png\" alt=\"aenor\" class=\"wp-image-71\" srcset=\"https:\/\/www.tiendamaruja.com\/blog\/wp-content\/uploads\/2022\/11\/aenor-tienda-maruja.png 453w, https:\/\/www.tiendamaruja.com\/blog\/wp-content\/uploads\/2022\/11\/aenor-tienda-maruja-358x300.png 358w\" sizes=\"(max-width: 453px) 100vw, 453px\" \/><\/figure>\n\n\n\n<figure class=\"wp-block-image size-large\"><img decoding=\"async\" width=\"453\" height=\"380\" data-id=\"72\" src=\"http:\/\/localhost:8888\/tiendamaruja-blog\/web\/wp-content\/uploads\/2022\/11\/andanatura-tienda-maruja.png\" alt=\"andanatura\" class=\"wp-image-72\" srcset=\"https:\/\/www.tiendamaruja.com\/blog\/wp-content\/uploads\/2022\/11\/andanatura-tienda-maruja.png 453w, https:\/\/www.tiendamaruja.com\/blog\/wp-content\/uploads\/2022\/11\/andanatura-tienda-maruja-358x300.png 358w\" sizes=\"(max-width: 453px) 100vw, 453px\" \/><\/figure>\n\n\n\n<figure class=\"wp-block-image size-large\"><img decoding=\"async\" width=\"453\" height=\"380\" data-id=\"73\" src=\"http:\/\/localhost:8888\/tiendamaruja-blog\/web\/wp-content\/uploads\/2022\/11\/denominacion-origen-tienda-maruja.png\" alt=\"denominacion de origen\" class=\"wp-image-73\" srcset=\"https:\/\/www.tiendamaruja.com\/blog\/wp-content\/uploads\/2022\/11\/denominacion-origen-tienda-maruja.png 453w, https:\/\/www.tiendamaruja.com\/blog\/wp-content\/uploads\/2022\/11\/denominacion-origen-tienda-maruja-358x300.png 358w\" sizes=\"(max-width: 453px) 100vw, 453px\" \/><\/figure>\n\n\n\n<figure class=\"wp-block-image size-large\"><img decoding=\"async\" width=\"453\" height=\"380\" data-id=\"74\" src=\"http:\/\/localhost:8888\/tiendamaruja-blog\/web\/wp-content\/uploads\/2022\/11\/ifs-food-tienda-maruja.png\" alt=\"ifs\" class=\"wp-image-74\" srcset=\"https:\/\/www.tiendamaruja.com\/blog\/wp-content\/uploads\/2022\/11\/ifs-food-tienda-maruja.png 453w, https:\/\/www.tiendamaruja.com\/blog\/wp-content\/uploads\/2022\/11\/ifs-food-tienda-maruja-358x300.png 358w\" sizes=\"(max-width: 453px) 100vw, 453px\" \/><\/figure>\n\n\n\n<figure class=\"wp-block-image size-large\"><img decoding=\"async\" width=\"453\" height=\"380\" data-id=\"76\" src=\"http:\/\/localhost:8888\/tiendamaruja-blog\/web\/wp-content\/uploads\/2022\/11\/certicalia-tienda-maruja.png\" alt=\"certicalia\" class=\"wp-image-76\" srcset=\"https:\/\/www.tiendamaruja.com\/blog\/wp-content\/uploads\/2022\/11\/certicalia-tienda-maruja.png 453w, https:\/\/www.tiendamaruja.com\/blog\/wp-content\/uploads\/2022\/11\/certicalia-tienda-maruja-358x300.png 358w\" sizes=\"(max-width: 453px) 100vw, 453px\" \/><\/figure>\n\n\n\n<figure class=\"wp-block-image size-large\"><img decoding=\"async\" width=\"453\" height=\"380\" data-id=\"77\" src=\"http:\/\/localhost:8888\/tiendamaruja-blog\/web\/wp-content\/uploads\/2022\/11\/parque_natural-tienda-maruja.png\" alt=\"parque natural\" class=\"wp-image-77\" srcset=\"https:\/\/www.tiendamaruja.com\/blog\/wp-content\/uploads\/2022\/11\/parque_natural-tienda-maruja.png 453w, https:\/\/www.tiendamaruja.com\/blog\/wp-content\/uploads\/2022\/11\/parque_natural-tienda-maruja-358x300.png 358w\" sizes=\"(max-width: 453px) 100vw, 453px\" \/><\/figure>\n<\/figure>\n<\/div><\/div>\n\n\n\n<div style=\"height:40px\" aria-hidden=\"true\" class=\"wp-block-spacer\"><\/div>\n","protected":false},"excerpt":{"rendered":"<p>Noticia destacada NOTICIAS Consejos, cuidados, curiosidades sobre el jam\u00f3ny el jam\u00f3n de Trev\u00e9lez TODO SOBRE EL JAM\u00d3N Informaci\u00f3n y temas sobre el jam\u00f3n producci\u00f3n, artesan\u00eda y calidad Jamones artesanos y productos de calidad Tienda Maruja es especialista en Jam\u00f3n de Trev\u00e9lez. Nuestros jamones 100% naturales y curados de forma natural, resultan exquisitos para los paladares [&hellip;]<\/p>\n","protected":false},"author":1,"featured_media":0,"parent":0,"menu_order":0,"comment_status":"closed","ping_status":"closed","template":"page-no-header.php","meta":{"footnotes":""},"class_list":["post-22","page","type-page","status-publish","hentry"],"_links":{"self":[{"href":"https:\/\/www.tiendamaruja.com\/blog\/wp-json\/wp\/v2\/pages\/22","targetHints":{"allow":["GET"]}}],"collection":[{"href":"https:\/\/www.tiendamaruja.com\/blog\/wp-json\/wp\/v2\/pages"}],"about":[{"href":"https:\/\/www.tiendamaruja.com\/blog\/wp-json\/wp\/v2\/types\/page"}],"author":[{"embeddable":true,"href":"https:\/\/www.tiendamaruja.com\/blog\/wp-json\/wp\/v2\/users\/1"}],"replies":[{"embeddable":true,"href":"https:\/\/www.tiendamaruja.com\/blog\/wp-json\/wp\/v2\/comments?post=22"}],"version-history":[{"count":160,"href":"https:\/\/www.tiendamaruja.com\/blog\/wp-json\/wp\/v2\/pages\/22\/revisions"}],"predecessor-version":[{"id":903,"href":"https:\/\/www.tiendamaruja.com\/blog\/wp-json\/wp\/v2\/pages\/22\/revisions\/903"}],"wp:attachment":[{"href":"https:\/\/www.tiendamaruja.com\/blog\/wp-json\/wp\/v2\/media?parent=22"}],"curies":[{"name":"wp","href":"https:\/\/api.w.org\/{rel}","templated":true}]}}